{"id":150,"date":"2023-12-21T23:17:39","date_gmt":"2023-12-21T22:17:39","guid":{"rendered":"https:\/\/redesign.ibis-service.com\/?page_id=150"},"modified":"2024-02-21T03:49:30","modified_gmt":"2024-02-21T02:49:30","slug":"about-us","status":"publish","type":"page","link":"https:\/\/www.ibis-service.de\/en\/ueber-uns\/","title":{"rendered":"About us"},"content":{"rendered":"<h2 class=\"wp-block-heading\">COMPETENCIES, EMPLOYEES, SERVICE<\/h2>\n\n\n\n<p>IBIS Service GmbH &amp; Co. KG operates nationwide and works together with numerous competent companies.<\/p>\n\n\n\n<h3 class=\"wp-block-heading\">Our main areas of activity<\/h3>\n\n\n\n<p>- Wiring of vehicles<br>- Integration of new components into existing technology, if necessary with the help of<br>&nbsp; Adaptation developments<br>- Repair and maintenance of ticket printers, ticket vending machines and<br>&nbsp; Matrix displays<br>- Project consulting for customers<\/p>\n\n\n\n<p>We also offer engineering and development services for both new and existing products.<\/p>\n\n\n\n<h3 class=\"wp-block-heading\">Our special experience and knowledge<\/h3>\n\n\n\n<p>- Migration of new ticket printers<br>- Wiring and commissioning of additional peripheral devices<br>- Traffic signal control<br>- Radiotelephony and GSM communication<br>- Vehicle tracking<br>- Multimedia systems<br>- Hands-free devices<br>- Wiring of all vehicle types<br>- Error analysis and rectification<br>- Organization of vehicle provision in combination with the<br>\u00a0 operating procedures<\/p>\n\n\n\n<h3 class=\"wp-block-heading\">Our employees<\/h3>\n\n\n\n<p>We employ staff in the following areas:<\/p>\n\n\n\n<p>- Organization and customer service<br>- Technology<br>- Development\/Programming<br>- Electronics laboratory<br>- Workshop and field service<br>- Project management<br>- Central IT - Service<\/p>\n\n\n\n<p>Our field staff are equipped with company vehicles, the latest technical measuring and auxiliary equipment and all the necessary tools<br>If necessary, we can expand our team with the capacities and skills required for these areas and train new employees for these special tasks.<\/p>\n\n\n\n<p>We or our partners can guarantee the response times required to ensure smooth operations at all times if the order is placed in good time.<\/p>","protected":false},"excerpt":{"rendered":"<p>KOMPETENZEN, MITARBEITER, SERVICE Die IBIS Service GmbH &amp; Co. KG ist \u00fcberregional t\u00e4tig und arbeitet mit zahlreichen kompetenten Unternehmen zusammen. Unsere T\u00e4tigkeitsschwerpunkte \u00b7&nbsp;Verkabelungen von Fahrzeugen\u00b7 Integration neuer Komponenten in bestehende Technik, ggf. mit Hilfe von&nbsp; Anpassungsentwicklungen\u00b7 Reparatur und Wartung von Fahrscheindruckern, Fahrausweisautomaten und&nbsp; Matrixanzeigen\u00b7 Projektberatung von Kunden Zus\u00e4tzlich bieten wir Ingenieurs- und Entwicklungsleistungen sowohl f\u00fcr [&hellip;]<\/p>\n","protected":false},"author":1,"featured_media":51,"parent":0,"menu_order":0,"comment_status":"closed","ping_status":"closed","template":"","meta":{"footnotes":""},"class_list":["post-150","page","type-page","status-publish","has-post-thumbnail","hentry"],"_links":{"self":[{"href":"https:\/\/www.ibis-service.de\/en\/wp-json\/wp\/v2\/pages\/150","targetHints":{"allow":["GET"]}}],"collection":[{"href":"https:\/\/www.ibis-service.de\/en\/wp-json\/wp\/v2\/pages"}],"about":[{"href":"https:\/\/www.ibis-service.de\/en\/wp-json\/wp\/v2\/types\/page"}],"author":[{"embeddable":true,"href":"https:\/\/www.ibis-service.de\/en\/wp-json\/wp\/v2\/users\/1"}],"replies":[{"embeddable":true,"href":"https:\/\/www.ibis-service.de\/en\/wp-json\/wp\/v2\/comments?post=150"}],"version-history":[{"count":2,"href":"https:\/\/www.ibis-service.de\/en\/wp-json\/wp\/v2\/pages\/150\/revisions"}],"predecessor-version":[{"id":512,"href":"https:\/\/www.ibis-service.de\/en\/wp-json\/wp\/v2\/pages\/150\/revisions\/512"}],"wp:featuredmedia":[{"embeddable":true,"href":"https:\/\/www.ibis-service.de\/en\/wp-json\/wp\/v2\/media\/51"}],"wp:attachment":[{"href":"https:\/\/www.ibis-service.de\/en\/wp-json\/wp\/v2\/media?parent=150"}],"curies":[{"name":"wp","href":"https:\/\/api.w.org\/{rel}","templated":true}]}}